{"id":144,"date":"2014-09-14T19:17:28","date_gmt":"2014-09-14T17:17:28","guid":{"rendered":"http:\/\/freizeithundeverein.de\/?page_id=144"},"modified":"2016-07-12T11:38:25","modified_gmt":"2016-07-12T09:38:25","slug":"geschichte","status":"publish","type":"page","link":"https:\/\/freizeithundeverein.de\/?page_id=144","title":{"rendered":"Geschichte"},"content":{"rendered":"<p><span style=\"font-size: large;\"><span style=\"text-decoration: underline;\"><b>Chronik 1. Freizeithundeverein e.V. Bobenheim-Roxheim<\/b><\/span><\/span><\/p>\n<p><span style=\"font-size: large;\">Am 18.Januar 2010 trafen sich sieben Mitglieder aus einer \u00dcbungsgruppe von \u201eDienstleistung am Hund\u201c die von Bernd Sessinghaus geleitet wurde. Das Treffen fand im Vereinsheim der Kleintierz\u00fcchter \u201eKTZV\u201c Roxheim statt und war der Geburtsort des \u201e1.Freizeithundeverein e.V. Bobenheim-Roxheim\u201c.<\/span><\/p>\n<p><span style=\"font-size: large;\">Am Anfang wurde auf verschiedenen freien Pl\u00e4tzen trainiert, unter anderem am Altrhein, auf dem Parkplatz am Silbersee und am Rhein. Die guten Kontakte zum Angelsportverein Bobenheim \u201eASV\u201c f\u00fchrten dazu, dass wir auf deren Gel\u00e4nde unsere Trainingseinheiten absolvieren konnten. Auch unsere Sitzungen, Stammtische und die Weihnachtsfeiern fanden im Vereinsheim des \u201eASV\u201c statt. <\/span><\/p>\n<p><span style=\"font-size: large;\">Gleichzeitig waren wir immer auf der Suche nach einem eigenen Vereinsgel\u00e4nde. Verschiedene Anfragen f\u00fcr ein Grundst\u00fcck, sowohl bei der Gemeinde als auch bei anderen Grundst\u00fccksbesitzern blieben erfolglos.<\/span><\/p>\n<p><span style=\"font-size: large;\">Der Vorstand des Hundeverbandes IRJGV \u00fcberlie\u00df uns sein leerstehendes Vereinsgel\u00e4nde hinter dem Hundesportverein Frankenthal zur Nutzung. Hier trainierten wir von M\u00e4rz 2011 bis Mai 2012. Danach waren wir als Gruppe beim Verein Hundefreunde Worms auf dem Trainingsgel\u00e4nde am Flo\u00dfhafen. Im Dezember 2012 gab es erste Kontakte zum Verp\u00e4chter unseres jetzigen Gel\u00e4ndes in Bobenheim-Roxheim am Kleinerweg. Ab Januar 2013 sind wir dort eingezogen und f\u00fchlen uns sehr wohl.<\/span><\/p>\n<p><span style=\"font-size: large;\">Bereits im ersten Jahr des Vereinsbestehens wurde ein Ostereierlauf durchgef\u00fchrt. Hierbei geht das Paar \u201eHund und Halter\u201c gemeinsam auf einen Spa\u00dfparcours und \u00fcberwindet so schnell als m\u00f6glich diese Hindernisse. Erschwerend kommt hinzu, dass der Hundef\u00fchrer ein Osterei auf einem Kochl\u00f6ffel balancieren muss. Die Tradition hat \u00fcber die Jahre angehalten und 2015 konnte bereits der sechste\u00a0Ostereierlauf durchgef\u00fchrt werden. 2016 wurde der Ostereierlauf in Hindernislauf umbenannt. Er wird jetzt im Sommer durchgef\u00fchrt und mit einem gem\u00fctlichen Grillfest gefeiert.<br \/>\n<\/span><\/p>\n<p><span style=\"font-size: large;\">Unser eigentliches Anliegen, mit unseren Hunden gemeinsame Zeit zu verbringen, wurde bei all den Aktivit\u00e4ten nie aus den Augen verloren. Am Anfang war wichtig f\u00fcr alle (Hunde und Halter) eine Basiserziehung sicherzustellen. Diese Erziehung wird stets aufgefrischt und weitergef\u00fchrt. Gesteigert wird der Spa\u00df durch weitere Besch\u00e4ftigungsm\u00f6glichkeiten wie Freizeit-Agility, Longieren, gemeinsame Stadtg\u00e4nge, gemeinsame Wanderungen und gemeinsames Feiern.<\/span><\/p>\n","protected":false},"excerpt":{"rendered":"<p>Chronik 1. Freizeithundeverein e.V. Bobenheim-Roxheim Am 18.Januar 2010 trafen sich sieben Mitglieder aus einer \u00dcbungsgruppe von \u201eDienstleistung am Hund\u201c die von Bernd Sessinghaus geleitet wurde. Das Treffen fand im Vereinsheim der Kleintierz\u00fcchter \u201eKTZV\u201c Roxheim statt und war der Geburtsort des \u201e1.Freizeithundeverein e.V. Bobenheim-Roxheim\u201c. Am Anfang wurde auf verschiedenen freien Pl\u00e4tzen trainiert, unter anderem am Altrhein, &hellip; <a href=\"https:\/\/freizeithundeverein.de\/?page_id=144\" class=\"more-link\"><span class=\"screen-reader-text\">Geschichte<\/span> weiterlesen <span class=\"meta-nav\">&rarr;<\/span><\/a><\/p>\n","protected":false},"author":2,"featured_media":0,"parent":34,"menu_order":0,"comment_status":"closed","ping_status":"closed","template":"","meta":{"ngg_post_thumbnail":0,"footnotes":""},"class_list":["post-144","page","type-page","status-publish","hentry"],"_links":{"self":[{"href":"https:\/\/freizeithundeverein.de\/index.php?rest_route=\/wp\/v2\/pages\/144","targetHints":{"allow":["GET"]}}],"collection":[{"href":"https:\/\/freizeithundeverein.de\/index.php?rest_route=\/wp\/v2\/pages"}],"about":[{"href":"https:\/\/freizeithundeverein.de\/index.php?rest_route=\/wp\/v2\/types\/page"}],"author":[{"embeddable":true,"href":"https:\/\/freizeithundeverein.de\/index.php?rest_route=\/wp\/v2\/users\/2"}],"replies":[{"embeddable":true,"href":"https:\/\/freizeithundeverein.de\/index.php?rest_route=%2Fwp%2Fv2%2Fcomments&post=144"}],"version-history":[{"count":5,"href":"https:\/\/freizeithundeverein.de\/index.php?rest_route=\/wp\/v2\/pages\/144\/revisions"}],"predecessor-version":[{"id":1153,"href":"https:\/\/freizeithundeverein.de\/index.php?rest_route=\/wp\/v2\/pages\/144\/revisions\/1153"}],"up":[{"embeddable":true,"href":"https:\/\/freizeithundeverein.de\/index.php?rest_route=\/wp\/v2\/pages\/34"}],"wp:attachment":[{"href":"https:\/\/freizeithundeverein.de\/index.php?rest_route=%2Fwp%2Fv2%2Fmedia&parent=144"}],"curies":[{"name":"wp","href":"https:\/\/api.w.org\/{rel}","templated":true}]}}