{"id":1770,"date":"2020-08-26T09:48:10","date_gmt":"2020-08-26T08:48:10","guid":{"rendered":"https:\/\/freizeithundeverein.de\/?page_id=1770"},"modified":"2020-08-26T09:59:36","modified_gmt":"2020-08-26T08:59:36","slug":"wie-kann-ich-mitglied-werden","status":"publish","type":"page","link":"https:\/\/freizeithundeverein.de\/?page_id=1770","title":{"rendered":"Wie kann ich Mitglied werden"},"content":{"rendered":"\n<p>Sie haben einen Hund und interessieren sich f\u00fcr unseren Verein.<br \/><br \/>Bitte rufen sie uns an und machen einen Termin aus,<br \/>um an einer Schnupperstunde teilzunehmen.<br \/><br \/>Wenn es ihnen gefallen hat nehmen sie noch 2-3 mal an den \u00dcbungsstunden teil.<br \/><br \/>Dann sollten sie sich unserem Verein anschlie\u00dfen.<br \/> <br \/>Das hei\u00dft sie gehen in den Downloadbereich und drucken sich folgende Unterlagen aus:<br \/><br \/><strong>1 &#8211; Aufnahmeantrag<br \/><br \/>2 &#8211; Haftungsausschluss<br \/><br \/>3 &#8211; Erkl\u00e4rung DSGVO<\/strong><br \/><br \/>und bringen diese ausgef\u00fcllt und unterschrieben zur n\u00e4chsten \u00dcbungsstunde mit.<br \/><br \/><\/p>\n\n\n\n<p><\/p>\n","protected":false},"excerpt":{"rendered":"<p>Sie haben einen Hund und interessieren sich f\u00fcr unseren Verein. Bitte rufen sie uns an und machen einen Termin aus,um an einer Schnupperstunde teilzunehmen. Wenn es ihnen gefallen hat nehmen sie noch 2-3 mal an den \u00dcbungsstunden teil. Dann sollten sie sich unserem Verein anschlie\u00dfen. Das hei\u00dft sie gehen in den Downloadbereich und drucken sich &hellip; <a href=\"https:\/\/freizeithundeverein.de\/?page_id=1770\" class=\"more-link\"><span class=\"screen-reader-text\">Wie kann ich Mitglied werden<\/span> weiterlesen <span class=\"meta-nav\">&rarr;<\/span><\/a><\/p>\n","protected":false},"author":2,"featured_media":0,"parent":0,"menu_order":0,"comment_status":"closed","ping_status":"closed","template":"","meta":{"ngg_post_thumbnail":0,"footnotes":""},"class_list":["post-1770","page","type-page","status-publish","hentry"],"_links":{"self":[{"href":"https:\/\/freizeithundeverein.de\/index.php?rest_route=\/wp\/v2\/pages\/1770","targetHints":{"allow":["GET"]}}],"collection":[{"href":"https:\/\/freizeithundeverein.de\/index.php?rest_route=\/wp\/v2\/pages"}],"about":[{"href":"https:\/\/freizeithundeverein.de\/index.php?rest_route=\/wp\/v2\/types\/page"}],"author":[{"embeddable":true,"href":"https:\/\/freizeithundeverein.de\/index.php?rest_route=\/wp\/v2\/users\/2"}],"replies":[{"embeddable":true,"href":"https:\/\/freizeithundeverein.de\/index.php?rest_route=%2Fwp%2Fv2%2Fcomments&post=1770"}],"version-history":[{"count":5,"href":"https:\/\/freizeithundeverein.de\/index.php?rest_route=\/wp\/v2\/pages\/1770\/revisions"}],"predecessor-version":[{"id":1778,"href":"https:\/\/freizeithundeverein.de\/index.php?rest_route=\/wp\/v2\/pages\/1770\/revisions\/1778"}],"wp:attachment":[{"href":"https:\/\/freizeithundeverein.de\/index.php?rest_route=%2Fwp%2Fv2%2Fmedia&parent=1770"}],"curies":[{"name":"wp","href":"https:\/\/api.w.org\/{rel}","templated":true}]}}