{"id":204,"date":"2014-10-23T20:59:48","date_gmt":"2014-10-23T19:59:48","guid":{"rendered":"http:\/\/freizeithundeverein.de\/?page_id=204"},"modified":"2025-04-14T17:15:41","modified_gmt":"2025-04-14T16:15:41","slug":"aktuelles","status":"publish","type":"page","link":"https:\/\/freizeithundeverein.de\/?page_id=204","title":{"rendered":"!!!!! Aktuelles !!!!!"},"content":{"rendered":"\n<h2 class=\"wp-block-heading\"><strong>Hallo liebe Hundefreunde:<\/strong><\/h2>\n\n\n\n<p><strong>Am 27.03.2025 hatten wir unsere Jahreshauptversammlung mit Neuwahlen. Hierbei gab es eine \u00c4nderung beim 2. Vorstand. Neu im Amt des 2. Vorstandes ist Elisabeth Hornberg. Wir w\u00fcnschen ihr viel Erfolg bei ihrer neuen T\u00e4tigkeit.<\/strong> <br \/><br \/><strong>Die Winterpause geht zu Ende, der Fr\u00fchling lockt mit angenehmen Temperaturen. Nach Ostern werden wir kurzfristig einige Arbeitseins\u00e4tze auf unserem Hundeplatz durchf\u00fchren. Einladung \u00fcber unsere WhatsAppGruppe.<br \/><\/strong><br \/><strong>Das erste Training in diesem Jahr ist geplant f\u00fcr Dienstag den 06. Mai um 19:00 Uhr. Die Longiergruppe startet am 07. Mai.<\/strong><br \/><strong><br \/>Hier die Zeiten unserer Wochen-Aktivit\u00e4ten:<br \/><\/strong>Neue Interessenten melden sich bitte vorher telefonisch beim Vorstand an und k\u00f6nnen dann zur Probe an den \u00dcbungsstunden teilnehmen.<br \/><br \/><strong>Jeden Dienstag ab 19:00 Uhr Gruppenstunde mit Basiserziehung <\/strong><br \/>Ruhe, Konsequenz und Respekt sowie Aufmerksamkeit, Bindung und Antrieb stellen die Eck-Pfeiler f\u00fcr eine gute und sichere Hundeausbildung. Wir lernen die Basiserziehung f\u00fcr Hund und Halter bzw. frischen sie wieder auf.<br \/><br \/><strong>Jeden Mittwoch ab 16:00 Uhr Longieren mit Hund<br \/><\/strong>Das Longieren mit Hund ist eine Trainingsform um die Bindung und Kommunikation zwischen Hund und Mensch herzustellen, zu verbessern und zu festigen.<br \/>Der Hund l\u00e4uft au\u00dfen um einen abgesteckten Kreis und folgt dabei den Kommandos des Hundef\u00fchrers welcher im Kreis steht. Longiertraining sorgt beim Hund f\u00fcr eine k\u00f6rperliche und geistige Auslastung.<br \/><br \/><strong>Am 3. Donnerstag im Monat ab 19 Uhr Hundehalterstammtisch<br \/><\/strong>Der Stammtisch trifft sich bei Familie Makkas im Vereinslokal des Kleintierzuchtverein Roxheim \u201eHasenb\u00f6ck\u201c in der Industriestra\u00dfe 94. Hier wird alles M\u00f6gliche rund um das Thema \u201eHund\u201c ausgiebig besprochen. Alle vertr\u00e4glichen Hundehalter sind gerne eingeladen.<br \/><strong><br \/>Wir freuen uns auf euer Kommen.<\/strong><\/p>\n","protected":false},"excerpt":{"rendered":"<p>Hallo liebe Hundefreunde: Am 27.03.2025 hatten wir unsere Jahreshauptversammlung mit Neuwahlen. Hierbei gab es eine \u00c4nderung beim 2. Vorstand. Neu im Amt des 2. Vorstandes ist Elisabeth Hornberg. Wir w\u00fcnschen ihr viel Erfolg bei ihrer neuen T\u00e4tigkeit. Die Winterpause geht zu Ende, der Fr\u00fchling lockt mit angenehmen Temperaturen. Nach Ostern werden wir kurzfristig einige Arbeitseins\u00e4tze &hellip; <a href=\"https:\/\/freizeithundeverein.de\/?page_id=204\" class=\"more-link\"><span class=\"screen-reader-text\">!!!!! Aktuelles !!!!!<\/span> weiterlesen <span class=\"meta-nav\">&rarr;<\/span><\/a><\/p>\n","protected":false},"author":2,"featured_media":0,"parent":19,"menu_order":0,"comment_status":"closed","ping_status":"closed","template":"","meta":{"ngg_post_thumbnail":0,"footnotes":""},"class_list":["post-204","page","type-page","status-publish","hentry"],"_links":{"self":[{"href":"https:\/\/freizeithundeverein.de\/index.php?rest_route=\/wp\/v2\/pages\/204","targetHints":{"allow":["GET"]}}],"collection":[{"href":"https:\/\/freizeithundeverein.de\/index.php?rest_route=\/wp\/v2\/pages"}],"about":[{"href":"https:\/\/freizeithundeverein.de\/index.php?rest_route=\/wp\/v2\/types\/page"}],"author":[{"embeddable":true,"href":"https:\/\/freizeithundeverein.de\/index.php?rest_route=\/wp\/v2\/users\/2"}],"replies":[{"embeddable":true,"href":"https:\/\/freizeithundeverein.de\/index.php?rest_route=%2Fwp%2Fv2%2Fcomments&post=204"}],"version-history":[{"count":245,"href":"https:\/\/freizeithundeverein.de\/index.php?rest_route=\/wp\/v2\/pages\/204\/revisions"}],"predecessor-version":[{"id":1999,"href":"https:\/\/freizeithundeverein.de\/index.php?rest_route=\/wp\/v2\/pages\/204\/revisions\/1999"}],"up":[{"embeddable":true,"href":"https:\/\/freizeithundeverein.de\/index.php?rest_route=\/wp\/v2\/pages\/19"}],"wp:attachment":[{"href":"https:\/\/freizeithundeverein.de\/index.php?rest_route=%2Fwp%2Fv2%2Fmedia&parent=204"}],"curies":[{"name":"wp","href":"https:\/\/api.w.org\/{rel}","templated":true}]}}