{"id":24,"date":"2014-08-28T20:56:05","date_gmt":"2014-08-28T18:56:05","guid":{"rendered":"http:\/\/freizeithundeverein.de\/?page_id=24"},"modified":"2025-04-14T17:19:55","modified_gmt":"2025-04-14T16:19:55","slug":"kontakt","status":"publish","type":"page","link":"https:\/\/freizeithundeverein.de\/?page_id=24","title":{"rendered":"Kontakt"},"content":{"rendered":"<p><strong>\u00dcber folgende Wege k\u00f6nnen sie Kontakt mit uns aufnehmen:<\/strong><\/p>\n<p><strong>Wenn Sie uns anrufen m\u00f6chten:<\/strong><\/p>\n<p>1. Vorstand: Hans Ackermann &nbsp; &nbsp; Tel&nbsp;06239-6786 oder Mobil 0151-72102359<\/p>\n<p>2. Vorstand: Elisabeth Hornberg&nbsp;&nbsp; Mobil: 0179-1139634<\/p>\n<p><strong>Wenn Sie uns eine E-Mail schicken m\u00f6chten:<\/strong><\/p>\n<p><a href=\"mailto:vorstand@freizeithundeverein.de\">vorstand@freizeithundeverein.de<\/a><\/p>\n","protected":false},"excerpt":{"rendered":"<p>\u00dcber folgende Wege k\u00f6nnen sie Kontakt mit uns aufnehmen: Wenn Sie uns anrufen m\u00f6chten: 1. Vorstand: Hans Ackermann &nbsp; &nbsp; Tel&nbsp;06239-6786 oder Mobil 0151-72102359 2. Vorstand: Elisabeth Hornberg&nbsp;&nbsp; Mobil: 0179-1139634 Wenn Sie uns eine E-Mail schicken m\u00f6chten: vorstand@freizeithundeverein.de<\/p>\n","protected":false},"author":2,"featured_media":0,"parent":0,"menu_order":0,"comment_status":"closed","ping_status":"closed","template":"","meta":{"ngg_post_thumbnail":0,"footnotes":""},"class_list":["post-24","page","type-page","status-publish","hentry"],"_links":{"self":[{"href":"https:\/\/freizeithundeverein.de\/index.php?rest_route=\/wp\/v2\/pages\/24","targetHints":{"allow":["GET"]}}],"collection":[{"href":"https:\/\/freizeithundeverein.de\/index.php?rest_route=\/wp\/v2\/pages"}],"about":[{"href":"https:\/\/freizeithundeverein.de\/index.php?rest_route=\/wp\/v2\/types\/page"}],"author":[{"embeddable":true,"href":"https:\/\/freizeithundeverein.de\/index.php?rest_route=\/wp\/v2\/users\/2"}],"replies":[{"embeddable":true,"href":"https:\/\/freizeithundeverein.de\/index.php?rest_route=%2Fwp%2Fv2%2Fcomments&post=24"}],"version-history":[{"count":18,"href":"https:\/\/freizeithundeverein.de\/index.php?rest_route=\/wp\/v2\/pages\/24\/revisions"}],"predecessor-version":[{"id":2003,"href":"https:\/\/freizeithundeverein.de\/index.php?rest_route=\/wp\/v2\/pages\/24\/revisions\/2003"}],"wp:attachment":[{"href":"https:\/\/freizeithundeverein.de\/index.php?rest_route=%2Fwp%2Fv2%2Fmedia&parent=24"}],"curies":[{"name":"wp","href":"https:\/\/api.w.org\/{rel}","templated":true}]}}